{"id":100,"date":"2014-04-28T09:54:52","date_gmt":"2014-04-28T07:54:52","guid":{"rendered":"http:\/\/home.agh.edu.pl\/~tdziedzi\/test_IA\/?page_id=100"},"modified":"2014-05-15T11:57:15","modified_gmt":"2014-05-15T09:57:15","slug":"aurlab","status":"publish","type":"page","link":"https:\/\/msia.agh.edu.pl\/?page_id=100","title":{"rendered":"AurLab"},"content":{"rendered":"<p align=\"justify\">Laboratorium auralizacji jest najnowocze\u015bniejszym tego typu miejscem w Polsce. Pozwala na symulacj\u0119 dowolnej przestrzeni akustycznej dzi\u0119ki systemowi ods\u0142uchowemu sk\u0142adaj\u0105cemu si\u0119 z kilkunastu zestaw\u00f3w g\u0142o\u015bnikowych.<\/p>\n<p>Wi\u0119cej o laboratorium auralizacji na stronie: <a href=\"http:\/\/aurlab.agh.edu.pl\" target=\"_blank\">AURLAB<\/a><br \/>\n<div id='gallery-1' class='gallery galleryid-100 gallery-columns-2 gallery-size-thumbnail'><figure class='gallery-item'>\n\t\t\t<div class='gallery-icon portrait'>\n\t\t\t\t<a href='https:\/\/msia.agh.edu.pl\/wp-content\/uploads\/015.jpg'><img loading=\"lazy\" decoding=\"async\" width=\"150\" height=\"150\" src=\"https:\/\/msia.agh.edu.pl\/wp-content\/uploads\/015-150x150.jpg\" class=\"attachment-thumbnail size-thumbnail\" alt=\"\" \/><\/a>\n\t\t\t<\/div><\/figure><figure class='gallery-item'>\n\t\t\t<div class='gallery-icon landscape'>\n\t\t\t\t<a href='https:\/\/msia.agh.edu.pl\/wp-content\/uploads\/014.jpg'><img loading=\"lazy\" decoding=\"async\" width=\"150\" height=\"150\" src=\"https:\/\/msia.agh.edu.pl\/wp-content\/uploads\/014-150x150.jpg\" class=\"attachment-thumbnail size-thumbnail\" alt=\"\" \/><\/a>\n\t\t\t<\/div><\/figure><figure class='gallery-item'>\n\t\t\t<div class='gallery-icon landscape'>\n\t\t\t\t<a href='https:\/\/msia.agh.edu.pl\/wp-content\/uploads\/013.jpg'><img loading=\"lazy\" decoding=\"async\" width=\"150\" height=\"150\" src=\"https:\/\/msia.agh.edu.pl\/wp-content\/uploads\/013-150x150.jpg\" class=\"attachment-thumbnail size-thumbnail\" alt=\"\" \/><\/a>\n\t\t\t<\/div><\/figure>\n\t\t<\/div>\n<\/p>\n<p>autor zdje\u0107: Bartosz Dittmar<\/p>\n","protected":false},"excerpt":{"rendered":"<p>Laboratorium auralizacji jest najnowocze\u015bniejszym tego typu miejscem w Polsce. Pozwala na symulacj\u0119 dowolnej przestrzeni akustycznej dzi\u0119ki systemowi ods\u0142uchowemu sk\u0142adaj\u0105cemu si\u0119 z kilkunastu zestaw\u00f3w g\u0142o\u015bnikowych. Wi\u0119cej o laboratorium auralizacji na stronie: AURLAB autor zdje\u0107: Bartosz Dittmar<\/p>\n","protected":false},"author":1,"featured_media":0,"parent":7,"menu_order":2,"comment_status":"closed","ping_status":"closed","template":"","meta":{"footnotes":""},"class_list":["post-100","page","type-page","status-publish","hentry"],"_links":{"self":[{"href":"https:\/\/msia.agh.edu.pl\/index.php?rest_route=\/wp\/v2\/pages\/100","targetHints":{"allow":["GET"]}}],"collection":[{"href":"https:\/\/msia.agh.edu.pl\/index.php?rest_route=\/wp\/v2\/pages"}],"about":[{"href":"https:\/\/msia.agh.edu.pl\/index.php?rest_route=\/wp\/v2\/types\/page"}],"author":[{"embeddable":true,"href":"https:\/\/msia.agh.edu.pl\/index.php?rest_route=\/wp\/v2\/users\/1"}],"replies":[{"embeddable":true,"href":"https:\/\/msia.agh.edu.pl\/index.php?rest_route=%2Fwp%2Fv2%2Fcomments&post=100"}],"version-history":[{"count":7,"href":"https:\/\/msia.agh.edu.pl\/index.php?rest_route=\/wp\/v2\/pages\/100\/revisions"}],"predecessor-version":[{"id":272,"href":"https:\/\/msia.agh.edu.pl\/index.php?rest_route=\/wp\/v2\/pages\/100\/revisions\/272"}],"up":[{"embeddable":true,"href":"https:\/\/msia.agh.edu.pl\/index.php?rest_route=\/wp\/v2\/pages\/7"}],"wp:attachment":[{"href":"https:\/\/msia.agh.edu.pl\/index.php?rest_route=%2Fwp%2Fv2%2Fmedia&parent=100"}],"curies":[{"name":"wp","href":"https:\/\/api.w.org\/{rel}","templated":true}]}}