{"id":11,"date":"2014-04-26T15:46:14","date_gmt":"2014-04-26T13:46:14","guid":{"rendered":"http:\/\/home.agh.edu.pl\/~tdziedzi\/test_IA\/?page_id=11"},"modified":"2018-11-04T03:16:55","modified_gmt":"2018-11-04T02:16:55","slug":"rekrutacja","status":"publish","type":"page","link":"https:\/\/msia.agh.edu.pl\/?page_id=11","title":{"rendered":"Kontakt"},"content":{"rendered":"<p align=\"justify\">Opiekunem kierunku jest prof. dr hab. in\u017c Piotr Kleczkowski<br \/>\n(mail: kleczkow@agh.edu.pl).<\/p>\n<p>Opiek\u0119 nad stron\u0105 internetow\u0105 sprawuje mgr in\u017c. Bart\u0142omiej Chojnacki<br \/>\n(mail: bchojnacki@agh.edu.pl).<\/p>\n<p align=\"justify\">Kontakt do wszystkich pracownik\u00f3w AGH mo\u017cna znale\u017a\u0107 na uczelnianej platformie systemu informacyjnego <a href=\"http:\/\/skos.agh.edu.pl\" target=\"_blank\" rel=\"noopener noreferrer\">SKOS<\/a>. Mo\u017cna wyszuka\u0107 tam prowadz\u0105cych zaj\u0119cia oraz osoby odpowiedzialne za poszczeg\u00f3lne przedmioty.<\/p>\n","protected":false},"excerpt":{"rendered":"<p>Opiekunem kierunku jest prof. dr hab. in\u017c Piotr Kleczkowski (mail: kleczkow@agh.edu.pl). Opiek\u0119 nad stron\u0105 internetow\u0105 sprawuje mgr in\u017c. Bart\u0142omiej Chojnacki (mail: bchojnacki@agh.edu.pl). Kontakt do wszystkich pracownik\u00f3w AGH mo\u017cna znale\u017a\u0107 na uczelnianej platformie systemu informacyjnego SKOS. Mo\u017cna wyszuka\u0107 tam prowadz\u0105cych zaj\u0119cia oraz osoby odpowiedzialne za poszczeg\u00f3lne przedmioty.<\/p>\n","protected":false},"author":1,"featured_media":0,"parent":5,"menu_order":0,"comment_status":"closed","ping_status":"open","template":"","meta":{"footnotes":""},"class_list":["post-11","page","type-page","status-publish","hentry"],"_links":{"self":[{"href":"https:\/\/msia.agh.edu.pl\/index.php?rest_route=\/wp\/v2\/pages\/11","targetHints":{"allow":["GET"]}}],"collection":[{"href":"https:\/\/msia.agh.edu.pl\/index.php?rest_route=\/wp\/v2\/pages"}],"about":[{"href":"https:\/\/msia.agh.edu.pl\/index.php?rest_route=\/wp\/v2\/types\/page"}],"author":[{"embeddable":true,"href":"https:\/\/msia.agh.edu.pl\/index.php?rest_route=\/wp\/v2\/users\/1"}],"replies":[{"embeddable":true,"href":"https:\/\/msia.agh.edu.pl\/index.php?rest_route=%2Fwp%2Fv2%2Fcomments&post=11"}],"version-history":[{"count":14,"href":"https:\/\/msia.agh.edu.pl\/index.php?rest_route=\/wp\/v2\/pages\/11\/revisions"}],"predecessor-version":[{"id":474,"href":"https:\/\/msia.agh.edu.pl\/index.php?rest_route=\/wp\/v2\/pages\/11\/revisions\/474"}],"up":[{"embeddable":true,"href":"https:\/\/msia.agh.edu.pl\/index.php?rest_route=\/wp\/v2\/pages\/5"}],"wp:attachment":[{"href":"https:\/\/msia.agh.edu.pl\/index.php?rest_route=%2Fwp%2Fv2%2Fmedia&parent=11"}],"curies":[{"name":"wp","href":"https:\/\/api.w.org\/{rel}","templated":true}]}}