{"id":150,"date":"2014-05-08T23:14:29","date_gmt":"2014-05-08T21:14:29","guid":{"rendered":"http:\/\/home.agh.edu.pl\/~tdziedzi\/test_IA\/?page_id=150"},"modified":"2017-07-17T16:31:47","modified_gmt":"2017-07-17T14:31:47","slug":"lat","status":"publish","type":"page","link":"https:\/\/msia.agh.edu.pl\/?page_id=150","title":{"rendered":"LAT"},"content":{"rendered":"<p align=\"justify\">LAT, czyli Laboratorium Akustyki Technicznej dysponuje nowoczesnym sprz\u0119tem pomiarowym, umo\u017cliwiaj\u0105cym badania akustyczne w szerokim zakresie. W jego sk\u0142ad wchodz\u0105: komora pog\u0142osowa, komora bezechowa oraz pomieszczenia laboratoryjne.<\/p>\n<p align=\"justify\">Komora pog\u0142osowa jest pomieszczeniem zaprojektowanym tak, aby zapewni\u0107 jak najd\u0142u\u017cszy czas pog\u0142osu przy jednoczesnym rozproszeniu d\u017awi\u0119ku. W komorze tej wykonuje si\u0119 szereg pomiar\u00f3w zwi\u0105zanych m.in. z rozpraszaniem i poch\u0142anianiem d\u017awi\u0119ku.<\/p>\n<p align=\"justify\">Przeciwie\u0144stwem komory pog\u0142osowej jest komora bezechowa, kt\u00f3rej \u015bciany poch\u0142aniaj\u0105 d\u017awi\u0119k &#8211; wy\u0142o\u017cenie ich klinami wykonanymi z we\u0142ny szklanej uniemo\u017cliwia dotarcie fali odbitej z powrotem do \u017ar\u00f3d\u0142a lub odbiornika. W\u0142a\u015bciwo\u015bci akustyczne tego pomieszczenia umo\u017cliwiaj\u0105 m.in. precyzyjne pomiary kierunkowo\u015bci oraz mocy akustycznej.<\/p>\n<p align=\"justify\">Sterowanie wykonywanymi pomiarami odbywa si\u0119 z przyleg\u0142ych pomieszcze\u0144 laboratoryjnych tak, \u017ce w komorach mo\u017ce znajdowa\u0107 si\u0119 tylko niezb\u0119dny sprz\u0119t pomiarowy oraz badane pr\u00f3bki. W LAT znajduj\u0105 si\u0119 tak\u017ce stanowiska umo\u017cliwiaj\u0105ce wykonanie bada\u0144 z wykorzystaniem: rury impedancyjnej (fizyczny wsp\u00f3\u0142czynnik poch\u0142aniania d\u017awi\u0119ku), sondy nat\u0119\u017ceniowej (nat\u0119\u017cenie d\u017awi\u0119ku), wibrometru laserowego (drgania struktur), stukacza m\u0142otkowego (d\u017awi\u0119ki uderzeniowe), symulatora g\u0142owy i torsu (parametry akustyczne pomieszcze\u0144), sztucznych ust (zrozumia\u0142o\u015b\u0107 mowy). Ze szczeg\u00f3\u0142ami mo\u017cna zapozna\u0107 si\u0119 na <a href=\"http:\/\/www.lat.agh.edu.pl\">stronie internetowej LAT-u<\/a><\/p>\n<div id='gallery-1' class='gallery galleryid-150 gallery-columns-2 gallery-size-thumbnail'><figure class='gallery-item'>\n\t\t\t<div class='gallery-icon landscape'>\n\t\t\t\t<a href='https:\/\/msia.agh.edu.pl\/wp-content\/uploads\/Komora_bezechowa_03.jpg'><img loading=\"lazy\" decoding=\"async\" width=\"150\" height=\"150\" src=\"https:\/\/msia.agh.edu.pl\/wp-content\/uploads\/Komora_bezechowa_03-150x150.jpg\" class=\"attachment-thumbnail size-thumbnail\" alt=\"\" aria-describedby=\"gallery-1-157\" \/><\/a>\n\t\t\t<\/div>\n\t\t\t\t<figcaption class='wp-caption-text gallery-caption' id='gallery-1-157'>\n\t\t\t\tKomora bezechowa\n\t\t\t\t<\/figcaption><\/figure><figure class='gallery-item'>\n\t\t\t<div class='gallery-icon landscape'>\n\t\t\t\t<a href='https:\/\/msia.agh.edu.pl\/wp-content\/uploads\/Komora_bezechowa_01.jpg'><img loading=\"lazy\" decoding=\"async\" width=\"150\" height=\"150\" src=\"https:\/\/msia.agh.edu.pl\/wp-content\/uploads\/Komora_bezechowa_01-150x150.jpg\" class=\"attachment-thumbnail size-thumbnail\" alt=\"\" aria-describedby=\"gallery-1-155\" \/><\/a>\n\t\t\t<\/div>\n\t\t\t\t<figcaption class='wp-caption-text gallery-caption' id='gallery-1-155'>\n\t\t\t\tKomora bezechowa\n\t\t\t\t<\/figcaption><\/figure><figure class='gallery-item'>\n\t\t\t<div class='gallery-icon portrait'>\n\t\t\t\t<a href='https:\/\/msia.agh.edu.pl\/wp-content\/uploads\/Komora_poglosowa_01.jpg'><img loading=\"lazy\" decoding=\"async\" width=\"150\" height=\"150\" src=\"https:\/\/msia.agh.edu.pl\/wp-content\/uploads\/Komora_poglosowa_01-150x150.jpg\" class=\"attachment-thumbnail size-thumbnail\" alt=\"\" aria-describedby=\"gallery-1-158\" \/><\/a>\n\t\t\t<\/div>\n\t\t\t\t<figcaption class='wp-caption-text gallery-caption' id='gallery-1-158'>\n\t\t\t\tKomora pog\u0142osowa\n\t\t\t\t<\/figcaption><\/figure><figure class='gallery-item'>\n\t\t\t<div class='gallery-icon landscape'>\n\t\t\t\t<a href='https:\/\/msia.agh.edu.pl\/wp-content\/uploads\/Komora_poglosowa_02.jpg'><img loading=\"lazy\" decoding=\"async\" width=\"150\" height=\"150\" src=\"https:\/\/msia.agh.edu.pl\/wp-content\/uploads\/Komora_poglosowa_02-150x150.jpg\" class=\"attachment-thumbnail size-thumbnail\" alt=\"\" aria-describedby=\"gallery-1-159\" \/><\/a>\n\t\t\t<\/div>\n\t\t\t\t<figcaption class='wp-caption-text gallery-caption' id='gallery-1-159'>\n\t\t\t\tKomora pog\u0142osowa\n\t\t\t\t<\/figcaption><\/figure><figure class='gallery-item'>\n\t\t\t<div class='gallery-icon landscape'>\n\t\t\t\t<a href='https:\/\/msia.agh.edu.pl\/wp-content\/uploads\/Pomieszczenia_laboratoryjne_01.jpg'><img loading=\"lazy\" decoding=\"async\" width=\"150\" height=\"150\" src=\"https:\/\/msia.agh.edu.pl\/wp-content\/uploads\/Pomieszczenia_laboratoryjne_01-150x150.jpg\" class=\"attachment-thumbnail size-thumbnail\" alt=\"\" aria-describedby=\"gallery-1-161\" \/><\/a>\n\t\t\t<\/div>\n\t\t\t\t<figcaption class='wp-caption-text gallery-caption' id='gallery-1-161'>\n\t\t\t\tPomieszczenia laboratoryjne\n\t\t\t\t<\/figcaption><\/figure><figure class='gallery-item'>\n\t\t\t<div class='gallery-icon landscape'>\n\t\t\t\t<a href='https:\/\/msia.agh.edu.pl\/wp-content\/uploads\/Model_komory_poglosowej_01.jpg'><img loading=\"lazy\" decoding=\"async\" width=\"150\" height=\"150\" src=\"https:\/\/msia.agh.edu.pl\/wp-content\/uploads\/Model_komory_poglosowej_01-150x150.jpg\" class=\"attachment-thumbnail size-thumbnail\" alt=\"\" aria-describedby=\"gallery-1-160\" \/><\/a>\n\t\t\t<\/div>\n\t\t\t\t<figcaption class='wp-caption-text gallery-caption' id='gallery-1-160'>\n\t\t\t\tModel komory pog\u0142osowej\n\t\t\t\t<\/figcaption><\/figure><figure class='gallery-item'>\n\t\t\t<div class='gallery-icon landscape'>\n\t\t\t\t<a href='https:\/\/msia.agh.edu.pl\/wp-content\/uploads\/Sztuczna_glowa_i_tors.jpg'><img loading=\"lazy\" decoding=\"async\" width=\"150\" height=\"150\" src=\"https:\/\/msia.agh.edu.pl\/wp-content\/uploads\/Sztuczna_glowa_i_tors-150x150.jpg\" class=\"attachment-thumbnail size-thumbnail\" alt=\"\" aria-describedby=\"gallery-1-164\" \/><\/a>\n\t\t\t<\/div>\n\t\t\t\t<figcaption class='wp-caption-text gallery-caption' id='gallery-1-164'>\n\t\t\t\tSztuczna g\u0142owa\n\t\t\t\t<\/figcaption><\/figure><figure class='gallery-item'>\n\t\t\t<div class='gallery-icon portrait'>\n\t\t\t\t<a href='https:\/\/msia.agh.edu.pl\/wp-content\/uploads\/Rura_impedancyjna.jpg'><img loading=\"lazy\" decoding=\"async\" width=\"150\" height=\"150\" src=\"https:\/\/msia.agh.edu.pl\/wp-content\/uploads\/Rura_impedancyjna-150x150.jpg\" class=\"attachment-thumbnail size-thumbnail\" alt=\"\" aria-describedby=\"gallery-1-163\" \/><\/a>\n\t\t\t<\/div>\n\t\t\t\t<figcaption class='wp-caption-text gallery-caption' id='gallery-1-163'>\n\t\t\t\tRura impedancyjna\n\t\t\t\t<\/figcaption><\/figure>\n\t\t<\/div>\n\n","protected":false},"excerpt":{"rendered":"<p>LAT, czyli Laboratorium Akustyki Technicznej dysponuje nowoczesnym sprz\u0119tem pomiarowym, umo\u017cliwiaj\u0105cym badania akustyczne w szerokim zakresie. W jego sk\u0142ad wchodz\u0105: komora pog\u0142osowa, komora bezechowa oraz pomieszczenia laboratoryjne. Komora pog\u0142osowa jest pomieszczeniem zaprojektowanym tak, aby zapewni\u0107 jak najd\u0142u\u017cszy czas pog\u0142osu przy jednoczesnym rozproszeniu d\u017awi\u0119ku. W komorze tej wykonuje si\u0119 szereg pomiar\u00f3w zwi\u0105zanych m.in. z rozpraszaniem i poch\u0142anianiem [&hellip;]<\/p>\n","protected":false},"author":1,"featured_media":0,"parent":7,"menu_order":4,"comment_status":"closed","ping_status":"closed","template":"","meta":{"footnotes":""},"class_list":["post-150","page","type-page","status-publish","hentry"],"_links":{"self":[{"href":"https:\/\/msia.agh.edu.pl\/index.php?rest_route=\/wp\/v2\/pages\/150","targetHints":{"allow":["GET"]}}],"collection":[{"href":"https:\/\/msia.agh.edu.pl\/index.php?rest_route=\/wp\/v2\/pages"}],"about":[{"href":"https:\/\/msia.agh.edu.pl\/index.php?rest_route=\/wp\/v2\/types\/page"}],"author":[{"embeddable":true,"href":"https:\/\/msia.agh.edu.pl\/index.php?rest_route=\/wp\/v2\/users\/1"}],"replies":[{"embeddable":true,"href":"https:\/\/msia.agh.edu.pl\/index.php?rest_route=%2Fwp%2Fv2%2Fcomments&post=150"}],"version-history":[{"count":7,"href":"https:\/\/msia.agh.edu.pl\/index.php?rest_route=\/wp\/v2\/pages\/150\/revisions"}],"predecessor-version":[{"id":404,"href":"https:\/\/msia.agh.edu.pl\/index.php?rest_route=\/wp\/v2\/pages\/150\/revisions\/404"}],"up":[{"embeddable":true,"href":"https:\/\/msia.agh.edu.pl\/index.php?rest_route=\/wp\/v2\/pages\/7"}],"wp:attachment":[{"href":"https:\/\/msia.agh.edu.pl\/index.php?rest_route=%2Fwp%2Fv2%2Fmedia&parent=150"}],"curies":[{"name":"wp","href":"https:\/\/api.w.org\/{rel}","templated":true}]}}