{"id":171,"date":"2014-05-09T16:53:34","date_gmt":"2014-05-09T14:53:34","guid":{"rendered":"http:\/\/home.agh.edu.pl\/~tdziedzi\/test_IA\/?page_id=171"},"modified":"2014-05-16T11:43:39","modified_gmt":"2014-05-16T09:43:39","slug":"kn-inzynierii-akustycznej","status":"publish","type":"page","link":"https:\/\/msia.agh.edu.pl\/?page_id=171","title":{"rendered":"KN In\u017cynierii Akustycznej"},"content":{"rendered":"<p align=\"justify\">Ko\u0142o Naukowe In\u017cynierii Akustycznej jest grup\u0105 ludzi ogarni\u0119tych pasj\u0105 d\u017awi\u0119ku. Zrzesza student\u00f3w Akademii G\u00f3rniczo-Hutniczej zainteresowanych in\u017cynieri\u0105 akustyczn\u0105, in\u017cynieri\u0105 d\u017awi\u0119ku oraz re\u017cyseri\u0105 d\u017awi\u0119ku.<\/p>\n<p><img decoding=\"async\" src=\"http:\/\/msia.agh.edu.pl\/wp-content\/uploads\/logo_knia.png\" class=\"aligncenter\"\/><\/a><\/p>\n<p>Co robimy?<br \/>\n&#8211; spotykamy si\u0119 na seminariach<br \/>\n&#8211; chodzimy do studia nagra\u0144 i tam s\u0142uchamy, nagrywamy, kr\u0119cimy (ale tylko ga\u0142kami;)<br \/>\n&#8211; jedziemy na seminarium i gramy, nagrywamy i \u015bwietnie si\u0119 bawimy<br \/>\n&#8211; je\u017adzimy na konwencje Audio Engineering Society<br \/>\n&#8211; bierzemy udzia\u0142 w testach urz\u0105dze\u0144 audio i innych ciekawych projektach<\/p>\n<p>Projekty cz\u0142onk\u00f3w Ko\u0142a prezentowane s\u0105 na sesjach studenckich i konferencjach naukowych.<\/p>\n<p>Cz\u0142onkowie Ko\u0142a wsp\u00f3\u0142pracuj\u0105 z mediami studenckimi.<\/p>\n<p>Galerie:<br \/>\nhttp:\/\/kmiw.imir.agh.edu.pl\/knia\/KNIA\/Galeria\/Galeria.html<\/p>\n<p>Kontakt:<br \/>\n<a href=\"http:\/\/www.knia.agh.edu.pl\" target=\"_blank\">www.knia.agh.edu.pl<\/a><br \/>\nknia@student.agh.edu.pl<br \/>\npaw. D-1, p. 105<\/p>\n<p>Opiekun \u2013 dr Marek Pluta<br \/>\nPrzewodnicz\u0105cy \u2013 Emilia Czy\u017cewska<br \/>\nZ-ca przewodnicz\u0105cego \u2013 Kinga Frydrych<br \/>\nSekretarz \u2013 Marta Krzak<\/p>\n","protected":false},"excerpt":{"rendered":"<p>Ko\u0142o Naukowe In\u017cynierii Akustycznej jest grup\u0105 ludzi ogarni\u0119tych pasj\u0105 d\u017awi\u0119ku. Zrzesza student\u00f3w Akademii G\u00f3rniczo-Hutniczej zainteresowanych in\u017cynieri\u0105 akustyczn\u0105, in\u017cynieri\u0105 d\u017awi\u0119ku oraz re\u017cyseri\u0105 d\u017awi\u0119ku. Co robimy? &#8211; spotykamy si\u0119 na seminariach &#8211; chodzimy do studia nagra\u0144 i tam s\u0142uchamy, nagrywamy, kr\u0119cimy (ale tylko ga\u0142kami;) &#8211; jedziemy na seminarium i gramy, nagrywamy i \u015bwietnie si\u0119 bawimy &#8211; je\u017adzimy [&hellip;]<\/p>\n","protected":false},"author":1,"featured_media":0,"parent":144,"menu_order":2,"comment_status":"closed","ping_status":"closed","template":"","meta":{"footnotes":""},"class_list":["post-171","page","type-page","status-publish","hentry"],"_links":{"self":[{"href":"https:\/\/msia.agh.edu.pl\/index.php?rest_route=\/wp\/v2\/pages\/171","targetHints":{"allow":["GET"]}}],"collection":[{"href":"https:\/\/msia.agh.edu.pl\/index.php?rest_route=\/wp\/v2\/pages"}],"about":[{"href":"https:\/\/msia.agh.edu.pl\/index.php?rest_route=\/wp\/v2\/types\/page"}],"author":[{"embeddable":true,"href":"https:\/\/msia.agh.edu.pl\/index.php?rest_route=\/wp\/v2\/users\/1"}],"replies":[{"embeddable":true,"href":"https:\/\/msia.agh.edu.pl\/index.php?rest_route=%2Fwp%2Fv2%2Fcomments&post=171"}],"version-history":[{"count":6,"href":"https:\/\/msia.agh.edu.pl\/index.php?rest_route=\/wp\/v2\/pages\/171\/revisions"}],"predecessor-version":[{"id":289,"href":"https:\/\/msia.agh.edu.pl\/index.php?rest_route=\/wp\/v2\/pages\/171\/revisions\/289"}],"up":[{"embeddable":true,"href":"https:\/\/msia.agh.edu.pl\/index.php?rest_route=\/wp\/v2\/pages\/144"}],"wp:attachment":[{"href":"https:\/\/msia.agh.edu.pl\/index.php?rest_route=%2Fwp%2Fv2%2Fmedia&parent=171"}],"curies":[{"name":"wp","href":"https:\/\/api.w.org\/{rel}","templated":true}]}}