{"id":187,"date":"2014-05-12T10:34:47","date_gmt":"2014-05-12T08:34:47","guid":{"rendered":"http:\/\/home.agh.edu.pl\/~tdziedzi\/test_IA\/?page_id=187"},"modified":"2015-06-03T11:44:56","modified_gmt":"2015-06-03T09:44:56","slug":"wydarzenia","status":"publish","type":"page","link":"https:\/\/msia.agh.edu.pl\/?page_id=187","title":{"rendered":"Wydarzenia"},"content":{"rendered":"<p align=\"justify\">Studia na kierunku In\u017cynieria Akustyczna to nie tylko nauka. Studenci bior\u0105 udzia\u0142 w wielu mi\u0119dzynarodowych wydarzeniach &#8211; konferencjach, sympozjach i wystawach.<\/p>\n<p><a href=\"http:\/\/msia.agh.edu.pl\/?p=323\" title=\"Spotkanie z Ianem Corbettem\">Spotkanie z Ianem Corbettem<\/a><\/p>\n<p><a href=\"http:\/\/msia.agh.edu.pl\/?p=310\" title=\"138. Konwencja AES w Warszawie\">Konwencja AES w Warszawie<\/a><\/p>\n<p><a href=\"http:\/\/msia.agh.edu.pl\/wp-content\/uploads\/isset.pdf\" target=\"_blank\" title=\"ISSET 2013\">Polak w audio potrafi &#8211; ISSET2013<\/a><\/p>\n","protected":false},"excerpt":{"rendered":"<p>Studia na kierunku In\u017cynieria Akustyczna to nie tylko nauka. Studenci bior\u0105 udzia\u0142 w wielu mi\u0119dzynarodowych wydarzeniach &#8211; konferencjach, sympozjach i wystawach. Spotkanie z Ianem Corbettem Konwencja AES w Warszawie Polak w audio potrafi &#8211; ISSET2013<\/p>\n","protected":false},"author":1,"featured_media":0,"parent":0,"menu_order":0,"comment_status":"closed","ping_status":"closed","template":"","meta":{"footnotes":""},"class_list":["post-187","page","type-page","status-publish","hentry"],"_links":{"self":[{"href":"https:\/\/msia.agh.edu.pl\/index.php?rest_route=\/wp\/v2\/pages\/187","targetHints":{"allow":["GET"]}}],"collection":[{"href":"https:\/\/msia.agh.edu.pl\/index.php?rest_route=\/wp\/v2\/pages"}],"about":[{"href":"https:\/\/msia.agh.edu.pl\/index.php?rest_route=\/wp\/v2\/types\/page"}],"author":[{"embeddable":true,"href":"https:\/\/msia.agh.edu.pl\/index.php?rest_route=\/wp\/v2\/users\/1"}],"replies":[{"embeddable":true,"href":"https:\/\/msia.agh.edu.pl\/index.php?rest_route=%2Fwp%2Fv2%2Fcomments&post=187"}],"version-history":[{"count":13,"href":"https:\/\/msia.agh.edu.pl\/index.php?rest_route=\/wp\/v2\/pages\/187\/revisions"}],"predecessor-version":[{"id":330,"href":"https:\/\/msia.agh.edu.pl\/index.php?rest_route=\/wp\/v2\/pages\/187\/revisions\/330"}],"wp:attachment":[{"href":"https:\/\/msia.agh.edu.pl\/index.php?rest_route=%2Fwp%2Fv2%2Fmedia&parent=187"}],"curies":[{"name":"wp","href":"https:\/\/api.w.org\/{rel}","templated":true}]}}