{"id":276,"date":"2014-05-15T12:04:36","date_gmt":"2014-05-15T10:04:36","guid":{"rendered":"http:\/\/msia.agh.edu.pl\/?page_id=276"},"modified":"2014-05-15T12:13:09","modified_gmt":"2014-05-15T10:13:09","slug":"specjalnosc-m","status":"publish","type":"page","link":"https:\/\/msia.agh.edu.pl\/?page_id=276","title":{"rendered":"Specjalno\u015b\u0107 'M&#8217;"},"content":{"rendered":"<p align=\"justify\"><strong><em>In\u017cynieria D\u017awi\u0119ku w Mediach i Kulturze<\/em><\/strong><\/p>\n<p align=\"justify\">Na tej specjalno\u015bci mniejszy nacisk k\u0142adzie si\u0119 na teoretyczne aspekty in\u017cynierii d\u017awi\u0119ku, a wi\u0119kszy na jej aspekty tw\u00f3rcze. Pami\u0119ta\u0107 nale\u017cy, \u017ce wci\u0105\u017c s\u0105 to studia techniczne &#8211; Akademia G\u00f3rniczo &#8211; Hutnicza nie jest uczelni\u0105 artystyczn\u0105. <\/p>\n<p align=\"justify\">Studenci, kt\u00f3rzy wybior\u0105 t\u0119 specjalno\u015b\u0107 zajm\u0105 si\u0119 produkcj\u0105 muzyczn\u0105 na ka\u017cdym jej etapie. Zaczynaj\u0105c od wielokana\u0142owych nagra\u0144, poprzez miksy, na masteringu ko\u0144cz\u0105c. Wsp\u00f3\u0142praca z o\u015brodkami kulturalnymi w Krakowie pozwala na przyk\u0142ad na prowadzenie laboratori\u00f3w w formie nagra\u0144 muzycznych koncert\u00f3w na \u017cywo, czy nauk\u0119 samej realizacji koncert\u00f3w. Wykwalifikowana i do\u015bwiadczona kadra, rozpoznawana w \u015brodowisku muzyk\u00f3w krakowskich gwarantuje ciekawe zaj\u0119cia i kontakt z \u017cyw\u0105 muzyk\u0105. Realizacja d\u017awi\u0119ku nie zamyka si\u0119 jednak tylko w nagraniach stricte muzycznych. Odbywaj\u0105 si\u0119 r\u00f3wnie\u017c zaj\u0119cia z produkcji d\u017awi\u0119kowej do film\u00f3w oraz gier. Studenci kszta\u0142c\u0105 si\u0119 r\u00f3wnie\u017c w technikach sound design. Podczas wszystkich zaj\u0119\u0107 najwi\u0119kszy nacisk k\u0142adzie si\u0119 na kreatywno\u015b\u0107 i samodzielno\u015b\u0107 student\u00f3w.<\/p>\n<p align=\"justify\">Zesp\u00f3\u0142 dydaktyczno-naukowy prowadz\u0105cy zaj\u0119cia na tej specjalno\u015bci prowadzi r\u00f3wnie\u017c badania najnowocze\u015bniejszych technologii z zakresu in\u017cynierii d\u017awi\u0119ku. Realizowane s\u0105 projekty, kt\u00f3rych cz\u0119\u015bci\u0105 ma szans\u0119 sta\u0107 si\u0119 ka\u017cdy student. Obejmuj\u0105 one   techniki auralizacji i d\u017awi\u0119ku przestrzennego, psychoakustyk\u0119, projektowanie oprogramowania (typu &#8222;software plug in&#8221;) oraz wiele, wiele innych. Laboratoria dysponuj\u0105 zr\u00f3\u017cnicowanym i najwy\u017cszej klasy sprz\u0119tem, co pozwala na bezpo\u015bredni kontakt z technologi\u0105.<\/p>\n<p align=\"justify\">Absolwent tej specjalno\u015bci nie jest tylko realizatorem d\u017awi\u0119ku: posiada umiej\u0119tno\u015bci i wiedz\u0119 zar\u00f3wno bran\u017cow\u0105 &#8211; pos\u0142ugiwania si\u0119 specjalistycznym sprz\u0119tem i oprogramowaniem &#8211; jak i techniczn\u0105. Przewaga realizatora &#8211; absolwenta In\u017cynierii Akustycznej kryje si\u0119 w tym, \u017ce jest in\u017cynierem. Dla niego urz\u0105dzenie nie sk\u0142ada si\u0119 tylko z panelu czo\u0142owego, przycisk\u00f3w i potencjometr\u00f3w. W spos\u00f3b kreatywny potrafi zastosowa\u0107 swoj\u0105 wiedz\u0119, zar\u00f3wno w kwestiach typowo technicznych, jak i realizatorskich. Znaj\u0105c mo\u017cliwo\u015bci sprz\u0119tu mo\u017ce osi\u0105gn\u0105\u0107 wi\u0119cej, ni\u017c gdyby stosowa\u0142 si\u0119 jedynie do instrukcji obs\u0142ugi. Dzi\u0119ki temu absolwent mo\u017ce znale\u017a\u0107 zatrudnienie w takich plac\u00f3wkach jak studia nagra\u0144, rozg\u0142o\u015bnie radiowe, firmy nag\u0142o\u015bnieniowe, muzyczne kluby i kawiarnie, teatry, czy wreszcie firmy produkuj\u0105ce gry komputerowe i materia\u0142y audiowizualne. Absolwenci s\u0105 te\u017c bardzo dobrze przygotowani do pracy w firmach produkuj\u0105cych oprogramowanie i sprz\u0119t wykorzystywane w wymienionych bran\u017cach.<\/p>\n","protected":false},"excerpt":{"rendered":"<p>In\u017cynieria D\u017awi\u0119ku w Mediach i Kulturze Na tej specjalno\u015bci mniejszy nacisk k\u0142adzie si\u0119 na teoretyczne aspekty in\u017cynierii d\u017awi\u0119ku, a wi\u0119kszy na jej aspekty tw\u00f3rcze. Pami\u0119ta\u0107 nale\u017cy, \u017ce wci\u0105\u017c s\u0105 to studia techniczne &#8211; Akademia G\u00f3rniczo &#8211; Hutnicza nie jest uczelni\u0105 artystyczn\u0105. Studenci, kt\u00f3rzy wybior\u0105 t\u0119 specjalno\u015b\u0107 zajm\u0105 si\u0119 produkcj\u0105 muzyczn\u0105 na ka\u017cdym jej etapie. Zaczynaj\u0105c [&hellip;]<\/p>\n","protected":false},"author":1,"featured_media":0,"parent":5,"menu_order":0,"comment_status":"closed","ping_status":"closed","template":"","meta":{"footnotes":""},"class_list":["post-276","page","type-page","status-publish","hentry"],"_links":{"self":[{"href":"https:\/\/msia.agh.edu.pl\/index.php?rest_route=\/wp\/v2\/pages\/276","targetHints":{"allow":["GET"]}}],"collection":[{"href":"https:\/\/msia.agh.edu.pl\/index.php?rest_route=\/wp\/v2\/pages"}],"about":[{"href":"https:\/\/msia.agh.edu.pl\/index.php?rest_route=\/wp\/v2\/types\/page"}],"author":[{"embeddable":true,"href":"https:\/\/msia.agh.edu.pl\/index.php?rest_route=\/wp\/v2\/users\/1"}],"replies":[{"embeddable":true,"href":"https:\/\/msia.agh.edu.pl\/index.php?rest_route=%2Fwp%2Fv2%2Fcomments&post=276"}],"version-history":[{"count":3,"href":"https:\/\/msia.agh.edu.pl\/index.php?rest_route=\/wp\/v2\/pages\/276\/revisions"}],"predecessor-version":[{"id":281,"href":"https:\/\/msia.agh.edu.pl\/index.php?rest_route=\/wp\/v2\/pages\/276\/revisions\/281"}],"up":[{"embeddable":true,"href":"https:\/\/msia.agh.edu.pl\/index.php?rest_route=\/wp\/v2\/pages\/5"}],"wp:attachment":[{"href":"https:\/\/msia.agh.edu.pl\/index.php?rest_route=%2Fwp%2Fv2%2Fmedia&parent=276"}],"curies":[{"name":"wp","href":"https:\/\/api.w.org\/{rel}","templated":true}]}}