{"id":370,"date":"2017-04-24T09:54:40","date_gmt":"2017-04-24T07:54:40","guid":{"rendered":"http:\/\/msia.agh.edu.pl\/?page_id=370"},"modified":"2017-04-24T10:04:31","modified_gmt":"2017-04-24T08:04:31","slug":"oska-2017","status":"publish","type":"page","link":"https:\/\/msia.agh.edu.pl\/?page_id=370","title":{"rendered":"OSKA 2017"},"content":{"rendered":"<p>Na prze\u0142omie marca i kwietnia na Akademii G\u00f3rniczo-Hutniczej w Krakowie odby\u0142a si\u0119 4. Studencka Konferencja Akustyk\u00f3w OSKA 2017. Sam pomys\u0142 konferencji powsta\u0142 w 2013 roku, w\u015br\u00f3d student\u00f3w Uniwersytetu Adama Mickiewicza w Poznaniu. OSKA jest odpowiedzi\u0105 m\u0142odych naukowc\u00f3w na\u00a0Otwarte Seminarium z Akustyki (OSA) \u2013 konferencj\u0119 organizowan\u0105 ka\u017cdego roku przez kolejne oddzia\u0142y Polskiego Towarzystwa Akustycznego, kt\u00f3ra gromadzi polskich naukowc\u00f3w zajmuj\u0105cych si\u0119 szeroko rozumian\u0105 akustyk\u0105. G\u0142\u00f3wnym celem OSKI jest wymiana wiedzy i do\u015bwiadcze\u0144 student\u00f3w z\u00a0r\u00f3\u017cnych o\u015brodk\u00f3w \u2013 co pozwala znacznie poszerzy\u0107 horyzonty uczestnik\u00f3w, bior\u0105c pod uwag\u0119, \u017ce\u00a0ka\u017cda uczelnia oferuje nieco inny profil nauczania. <\/p>\n<p>Pierwsze dwie konferencje OSKA  odby\u0142y si\u0119 na macierzystej uczelni w Poznaniu, ale od dw\u00f3ch lat g\u0142\u00f3wnym organizatorem konferencji jest Ko\u0142o Naukowe Akustyki Architektonicznej AGH w Krakowie, wsp\u00f3\u0142pracuj\u0105ce ze Studenckim Ko\u0142em Akustyk\u00f3w UAM-u. Co roku konferencja gromadzi coraz liczniejsze grono m\u0142odych naukowc\u00f3w, co podkre\u015bla trafno\u015b\u0107 samej idei i wci\u0105\u017c aktualn\u0105 potrzeb\u0119 wymiany do\u015bwiadcze\u0144 mi\u0119dzy studentami z r\u00f3\u017cnych o\u015brodk\u00f3w. Tegoroczna konferencja zgromadzi\u0142a ponad 100 os\u00f3b z 10 polskich uczelni, z czego prawie po\u0142owa prezentowa\u0142a swoje badania podczas wyst\u0105pie\u0144 w trakcie sesji referatowych i plakatowych. G\u0142\u00f3wnym sponsorem OSKI 2017 by\u0142a firma Isover, producent system\u00f3w izolacji termicznej i akustycznej budynk\u00f3w. W gronie sponsor\u00f3w znalaz\u0142y si\u0119 tak\u017ce takie firmy jak Ecophon, Fermacell, Nautilus, Rigips, Svantek i Tikkurila. Uczestnicy mieli mo\u017cliwo\u015b\u0107 nawi\u0105zania kontaktu z przedstawicielami firm oraz zapoznania si\u0119 z ich produktami, co\u00a0r\u00f3wnie\u017c jest istotnym elementem konferencji \u2013 pozwala studentom na nawi\u0105zanie cennych znajomo\u015bci, mog\u0105cych mie\u0107 znaczenie w ich przysz\u0142ym \u017cyciu zawodowym.  <\/p>\n<div style=\"position:relative;height:0;padding-bottom:56.25%\"><iframe loading=\"lazy\" src=\"https:\/\/www.youtube.com\/embed\/Ri37eoZ6rQI?ecver=2\" width=\"640\" height=\"360\" frameborder=\"0\" style=\"position:absolute;width:100%;height:100%;left:0\" allowfullscreen><\/iframe><\/div>\n<p><center><em>Kr\u00f3tka relacja filmowa z konferencji (ProperSound)<\/em><\/center><\/p>\n<p><a href=\"http:\/\/msia.agh.edu.pl\/wp-content\/uploads\/1_otwarcie.png\"><img loading=\"lazy\" decoding=\"async\" src=\"http:\/\/msia.agh.edu.pl\/wp-content\/uploads\/1_otwarcie-300x200.png\" alt=\"\" width=\"600\" height=\"400\" class=\"aligncenter size-medium wp-image-371\" srcset=\"https:\/\/msia.agh.edu.pl\/wp-content\/uploads\/1_otwarcie-300x200.png 300w, https:\/\/msia.agh.edu.pl\/wp-content\/uploads\/1_otwarcie-768x511.png 768w, https:\/\/msia.agh.edu.pl\/wp-content\/uploads\/1_otwarcie.png 934w\" sizes=\"auto, (max-width: 600px) 100vw, 600px\" \/><\/a><br \/>\n<center><em>Otwarcie konferencji &#8211; fot. Marcin Zastawnik (ProperSound)<\/em><\/center><\/p>\n<p>Tegoroczn\u0105 konferencj\u0119 rozpocz\u0105\u0142 wyk\u0142ad plenarny prof. Anny Snakowskiej z Katedry Mechaniki i\u00a0Wibroakustyki AGH w Krakowie, pt.: \u201eOczywiste, nieoczywiste?\u201d, kt\u00f3ry przybli\u017cy\u0142 s\u0142uchaczom r\u00f3\u017cne aspekty falowej natury d\u017awi\u0119ku. Nast\u0119pnie, po wyst\u0105pieniu g\u0142\u00f3wnego sponsora, rozpocz\u0119\u0142a si\u0119 pierwsza sesja referatowa \u2013 Muzyka \u0142agodzi obyczaje. Prezentacje dotyczy\u0142y zagadnie\u0144 zwi\u0105zanych z\u00a0muzycznym aspektem akustyki \u2013 tworzeniem efekt\u00f3w gitarowych, doborem aparat\u00f3w s\u0142uchowych do odbioru muzyki na \u017cywo, badaniem podobie\u0144stwa r\u00f3\u017cnych grup instrument\u00f3w do g\u0142osu ludzkiego, czy projektowaniem gitary wzorowanej na skrzypcach Stradivariusa.  <\/p>\n<p><a href=\"http:\/\/msia.agh.edu.pl\/wp-content\/uploads\/2_wyklad.png\"><img loading=\"lazy\" decoding=\"async\" src=\"http:\/\/msia.agh.edu.pl\/wp-content\/uploads\/2_wyklad-300x200.png\" alt=\"\" width=\"600\" height=\"400\" class=\"aligncenter size-medium wp-image-372\" srcset=\"https:\/\/msia.agh.edu.pl\/wp-content\/uploads\/2_wyklad-300x200.png 300w, https:\/\/msia.agh.edu.pl\/wp-content\/uploads\/2_wyklad-768x512.png 768w, https:\/\/msia.agh.edu.pl\/wp-content\/uploads\/2_wyklad.png 935w\" sizes=\"auto, (max-width: 600px) 100vw, 600px\" \/><\/a><br \/>\n<center><em>Wyk\u0142ad plenarny &#8222;Oczywiste, nieoczywiste?&#8221; &#8211; dr hab. Anna Snakowska, prof. AGH &#8211; fot. Marcin Zastawnik (ProperSound)<\/em><\/center><\/p>\n<p>Tematyka tegorocznej OSKI by\u0142a niezwykle zr\u00f3\u017cnicowana, co pozwoli\u0142o na stworzenie siedmiu sesji, z\u00a0kt\u00f3rych ka\u017cda dotyczy\u0142a innego dzia\u0142u akustyki. Referaty w sesji W czterech \u015bcianach dotyczy\u0142y g\u0142\u00f3wnie akustyki architektonicznej \u2013 pomiar\u00f3w wsp\u00f3\u0142czynnika poch\u0142aniania d\u017awi\u0119ku w rozszerzonym pa\u015bmie cz\u0119stotliwo\u015bci, bada\u0144 izolacyjno\u015bci akustycznej przegr\u00f3d w budynkach, problemu ha\u0142asu na\u00a0strzelnicy oraz projektu mebli akustycznych do pracy w co-workingu. <\/p>\n<p><a href=\"http:\/\/msia.agh.edu.pl\/wp-content\/uploads\/3_referat.png\"><img loading=\"lazy\" decoding=\"async\" src=\"http:\/\/msia.agh.edu.pl\/wp-content\/uploads\/3_referat-300x200.png\" alt=\"\" width=\"600\" height=\"400\" class=\"aligncenter size-medium wp-image-373\" srcset=\"https:\/\/msia.agh.edu.pl\/wp-content\/uploads\/3_referat-300x200.png 300w, https:\/\/msia.agh.edu.pl\/wp-content\/uploads\/3_referat-768x511.png 768w, https:\/\/msia.agh.edu.pl\/wp-content\/uploads\/3_referat.png 949w\" sizes=\"auto, (max-width: 600px) 100vw, 600px\" \/><\/a><br \/>\n<center><em>Sesja referatowa &#8211; fot. Marcin Zastawnik (ProperSound)<\/em><\/center><\/p>\n<p>Kolejna sesja Szkie\u0142kiem i uchem porusza\u0142a g\u0142\u00f3wnie tematyk\u0119 miernictwa akustycznego. Znalaz\u0142y si\u0119 w niej plakaty dotycz\u0105ce pomiaru zrozumia\u0142o\u015bci mowy w pomieszczeniu, wp\u0142ywu os\u0142ony na\u00a0charakterystyk\u0119 mikrofonu, czy zwi\u0105zku charakterystyk fazowych przetwornik\u00f3w z jako\u015bci\u0105 reprodukcji sygna\u0142u. Mo\u017cna si\u0119 r\u00f3wnie\u017c by\u0142o dowiedzie\u0107 jaki jest wp\u0142ywu ha\u0142asu na wydajno\u015b\u0107 pracy, czy nieprofesjonalne \u017ar\u00f3d\u0142a impuls\u00f3w mog\u0105 by\u0107 przydatne w pomiarach akustycznych oraz jakich naczy\u0144 najlepiej u\u017cywa\u0107, gdy chce si\u0119 pods\u0142ucha\u0107 s\u0105siada przez \u015bcian\u0119.<br \/>\nW sesji Co w trawie piszczy nast\u0105pi\u0142o zderzenie akustyki z biologi\u0105 i naukami przyrodniczymi. Prezentowane badania omawia\u0142y m. in. relacj\u0119 pomi\u0119dzy rytmem, a emocjami cz\u0142owieka, wp\u0142yw materia\u0142\u00f3w d\u017awi\u0119koaktywuj\u0105cych na hipertermi\u0119 ultrad\u017awi\u0119kow\u0105 oraz percepcj\u0119 d\u017awi\u0119k\u00f3w u os\u00f3b nies\u0142ysz\u0105cych. Mo\u017cna by\u0142o r\u00f3wnie\u017c us\u0142ysze\u0107 o nocnej ptasiej w\u0119dr\u00f3wce wybrze\u017cem Ba\u0142tyku i o tym, jak monitoring akustyczny mo\u017ce pom\u00f3c ornitologom w badaniu zachowa\u0144 r\u00f3\u017cnych gatunk\u00f3w ptak\u00f3w. <\/p>\n<p>Na konferencji nie zabrak\u0142o r\u00f3wnie\u017c sesji po\u015bwi\u0119conej problematyce ha\u0142asu \u2013 Na pocz\u0105tku by\u0142 ha\u0142as. Referuj\u0105cy poruszyli zagadnienia zwi\u0105zane z analiz\u0105 ruchu drogowego, modelowaniem ha\u0142asu kolejowego, budow\u0105 lokalizatora akustycznego oraz badaniem wp\u0142ywu kroku pr\u00f3bkowania na\u00a0parametry akustyczne ha\u0142asu impulsowego.<br \/>\nOstatnia sesja referatowa Akustyczne \u201ezr\u00f3b to sam\u201d po\u015bwi\u0119cona by\u0142a g\u0142\u00f3wnie projektom, kt\u00f3re zajmowa\u0142y si\u0119 akustyk\u0105 od strony cyfrowej \u2013 zwi\u0105zanych z technologi\u0105 mowy i przetwarzaniem sygna\u0142\u00f3w.  Zaprezentowana zosta\u0142a aplikacja do wizualizacji przestrzennych odpowiedzi impulsowych pomieszcze\u0144, program implementuj\u0105cy metod\u0119 \u017ar\u00f3de\u0142 pozornych w \u015brodowisku graficznym, parametryczno-statystyczny syntezator mowy oraz badania nad kierunkowo\u015bci\u0105 \u017ar\u00f3d\u0142a d\u017awi\u0119ku w\u00a0kontek\u015bcie budowy sztucznych ust.<\/p>\n<p>Ostatni\u0105 sesj\u0105, zamykaj\u0105c\u0105 konferencj\u0119, by\u0142a sesja plakatowa R\u00f3\u017cno\u015bci ze \u015bwiata akustyki. Prezentuj\u0105cy omawiali z zainteresowanymi s\u0142uchaczami szczeg\u00f3\u0142y swoich bada\u0144, kt\u00f3rych tematyka dotyczy\u0142a m. in.  analizy akustycznej wybranych zjawisk fonetycznych j\u0119zyka kaszubskiego, detekcji mowy patologicznej spowodowanej spo\u017cyciem alkoholu, zastosowania sieci neuronowych w cyfrowej syntezie d\u017awi\u0119ku, czy wp\u0142ywu przezczaszkowej stymulacji pr\u0105dem sta\u0142ym na uk\u0142ad s\u0142uchowy. Prezentuj\u0105cy om\u00f3wili r\u00f3wnie\u017c badanie procesu wytwarzania monowarstw Pickeringa przy pomocy ultrad\u017awi\u0119k\u00f3w, zastosowanie przetwornik\u00f3w piezoelektrycznych przy tworzeniu elektronicznych pad\u00f3w, czy ciekawe zagadnienie akustyki b\u0105belk\u00f3w.<\/p>\n<p>Wa\u017cnym elementem ka\u017cdej OSKI jest r\u00f3wnie\u017c konkurs na najlepsze wyst\u0105pienie. W tym roku osobno nagrodzono prezentacje w sesji referatowej i plakatowej. Ze wzgl\u0119du na wysoki poziom prezentowanych referat\u00f3w, wytypowanie zwyci\u0119skich wyst\u0105pie\u0144 nie by\u0142o \u0142atwe. Ostatecznie jednak Komisja Konkursowa, w sk\u0142ad kt\u00f3rej weszli pracownicy naukowi AGH oraz przedstawiciel student\u00f3w, podj\u0119\u0142a decyzj\u0119 i przyzna\u0142a nast\u0119puj\u0105ce nagrody:<\/p>\n<p>Sesja referatowa<br \/>\nI miejsce: in\u017c. Dominik Szymaniak, AGH Krak\u00f3w, Implementacja metody \u017ar\u00f3de\u0142 pozornych w\u00a0\u015brodowisku graficznym<br \/>\nII miejsce: in\u017c. Maciej Blaszke, mgr in\u017c. Adam Kurowski, in\u017c. Szymon Zaporowski, Politechnika Gda\u0144ska, Analiza nagra\u0144 ruchu drogowego w kontek\u015bcie klasyfikacji typu pojazdu<br \/>\nIII miejsce: lic. Rafa\u0142 Bielas, UAM Pozna\u0144, Wp\u0142yw materia\u0142\u00f3w d\u017awi\u0119koaktywuj\u0105cych na hipertermi\u0119 ultrad\u017awi\u0119kow\u0105<br \/>\nWyr\u00f3\u017cnienie:  in\u017c. Monika Sobolewska, AGH Krak\u00f3w, Analiza mo\u017cliwo\u015bci zwi\u0119kszenia mocy akustycznej klasycznej gitary lutniczej z wykorzystaniem modelowania numerycznego<\/p>\n<p>Sesja plakatowa (przyznano dwie r\u00f3wnorz\u0119dne nagrody)<br \/>\nNagroda I: in\u017c. Maciej Blaszke, mgr in\u017c. Adam Kurowski, in\u017c. Szymon Zaporowski, Politechnika Gda\u0144ska, Zastosowanie sieci neuronowych w cyfrowej syntezie d\u017awi\u0119ku<br \/>\nNagroda II: in\u017c. Damian Koszewski, in\u017c. Dawid Weber, Politechnika Gda\u0144ska, Przyk\u0142ad zastosowania przetwornik\u00f3w piezoelektrycznych do stworzenia elektronicznych pad\u00f3w na platformie sprz\u0119towej Arduino<\/p>\n<p>Dodatkowo przeprowadzono konkurs o nagrod\u0119 publiczno\u015bci, kt\u00f3r\u0105 otrzyma\u0142 in\u017c. Zbigniew \u0141atka z\u00a0AGH, wyst\u0119puj\u0105cy z referatem Parametryczno-statystyczny syntezator mowy.<br \/>\nPo og\u0142oszeniu werdyktu i rozdaniu nagr\u00f3d, kt\u00f3rych sponsorem by\u0142a firma Nautilus, nast\u0105pi\u0142o zamkni\u0119cie konferencji s\u0142owami \u201eOSKA 2017 IsOver\u201d. Trwaj\u0105ca trzy dni konferencja po raz kolejny okaza\u0142a si\u0119 sukcesem \u2013 wszyscy uczestnicy opuszczali gmach AGH z czuciem satysfakcji, przyrostu wiedzy i dobrze sp\u0119dzonego czasu. Ustalono, \u017ce kolejna OSKA odb\u0119dzie si\u0119 w swojej macierzystej uczelni, na Uniwersytecie Adama Mickiewicza w Poznaniu w kwietniu przysz\u0142ego roku. Ju\u017c teraz serdecznie zach\u0119camy do uwzgl\u0119dnienia jej w swoich planach, bo jest to niepowtarzalna okazja do\u00a0wymiany my\u015bli, zdobycia wiedzy i poznania interesuj\u0105cych ludzi.<\/p>\n<p>Komitet Organizacyjny OSKA2017:<br \/>\nPrzewodnicz\u0105cy:<br \/>\nin\u017c. Bart\u0142omiej Chojnacki<br \/>\nCz\u0142onkowie:<br \/>\nlic. Karolina Grzelak,<br \/>\nin\u017c. Beata Ludwi\u0144ska,<br \/>\nin\u017c. Aleksandra Majchrzak,<br \/>\nin\u017c. Monika Sobolewska,<br \/>\nin\u017c. Magdalena Teterycz,<br \/>\nin\u017c. Micha\u0142 Ziobro<\/p>\n<p>Komitet Naukowy OSKA2017:<br \/>\nPrzewodnicz\u0105cy:<br \/>\ndr in\u017c. Jaros\u0142aw Rubacha<br \/>\nCz\u0142onkowie:<br \/>\nprof. dr hab. in\u017c. Bo\u017cena Kostek<br \/>\ndr hab. Arkadiusz J\u00f3zefczak, prof. UAM<br \/>\ndr hab. in\u017c. Tadeusz Kamisi\u0144ski, prof. AGH<br \/>\ndr hab. Anna Snakowska, prof. AGH<br \/>\ndr hab. in\u017c. Wies\u0142aw Wszo\u0142ek, prof. AGH<br \/>\ndr in\u017c. Dorota Czopek<br \/>\ndr in\u017c. Jakub Ga\u0142ka<br \/>\ndr Jacek Konieczny<br \/>\ndr in\u017c. Adam Pilch<br \/>\ndr Marek Pluta<br \/>\ndr in\u017c. Agata Szel\u0105g<br \/>\ndr in\u017c. Bartosz Zi\u00f3\u0142ko<\/p>\n<p>Monika Sobolewska, AGH Krak\u00f3w<\/p>\n","protected":false},"excerpt":{"rendered":"<p>Na prze\u0142omie marca i kwietnia na Akademii G\u00f3rniczo-Hutniczej w Krakowie odby\u0142a si\u0119 4. Studencka Konferencja Akustyk\u00f3w OSKA 2017. Sam pomys\u0142 konferencji powsta\u0142 w 2013 roku, w\u015br\u00f3d student\u00f3w Uniwersytetu Adama Mickiewicza w Poznaniu. OSKA jest odpowiedzi\u0105 m\u0142odych naukowc\u00f3w na\u00a0Otwarte Seminarium z Akustyki (OSA) \u2013 konferencj\u0119 organizowan\u0105 ka\u017cdego roku przez kolejne oddzia\u0142y Polskiego Towarzystwa Akustycznego, kt\u00f3ra gromadzi [&hellip;]<\/p>\n","protected":false},"author":1,"featured_media":0,"parent":187,"menu_order":0,"comment_status":"closed","ping_status":"closed","template":"","meta":{"footnotes":""},"class_list":["post-370","page","type-page","status-publish","hentry"],"_links":{"self":[{"href":"https:\/\/msia.agh.edu.pl\/index.php?rest_route=\/wp\/v2\/pages\/370","targetHints":{"allow":["GET"]}}],"collection":[{"href":"https:\/\/msia.agh.edu.pl\/index.php?rest_route=\/wp\/v2\/pages"}],"about":[{"href":"https:\/\/msia.agh.edu.pl\/index.php?rest_route=\/wp\/v2\/types\/page"}],"author":[{"embeddable":true,"href":"https:\/\/msia.agh.edu.pl\/index.php?rest_route=\/wp\/v2\/users\/1"}],"replies":[{"embeddable":true,"href":"https:\/\/msia.agh.edu.pl\/index.php?rest_route=%2Fwp%2Fv2%2Fcomments&post=370"}],"version-history":[{"count":13,"href":"https:\/\/msia.agh.edu.pl\/index.php?rest_route=\/wp\/v2\/pages\/370\/revisions"}],"predecessor-version":[{"id":390,"href":"https:\/\/msia.agh.edu.pl\/index.php?rest_route=\/wp\/v2\/pages\/370\/revisions\/390"}],"up":[{"embeddable":true,"href":"https:\/\/msia.agh.edu.pl\/index.php?rest_route=\/wp\/v2\/pages\/187"}],"wp:attachment":[{"href":"https:\/\/msia.agh.edu.pl\/index.php?rest_route=%2Fwp%2Fv2%2Fmedia&parent=370"}],"curies":[{"name":"wp","href":"https:\/\/api.w.org\/{rel}","templated":true}]}}