{"id":40,"date":"2014-04-26T16:21:56","date_gmt":"2014-04-26T14:21:56","guid":{"rendered":"http:\/\/home.agh.edu.pl\/~tdziedzi\/test_IA\/?page_id=40"},"modified":"2014-05-15T12:15:56","modified_gmt":"2014-05-15T10:15:56","slug":"erasmus","status":"publish","type":"page","link":"https:\/\/msia.agh.edu.pl\/?page_id=40","title":{"rendered":"ERASMUS"},"content":{"rendered":"<p align=\"justify\">Absolwenci studi\u00f3w I stopnia In\u017cynierii Akustycznej (wraz z innymi absolwentami Wydzia\u0142u In\u017cynierii Mechanicznej i Robotyki) dzi\u0119ki umowie zawartej przez AGH i <a href=\"http:\/\/www.cranfield.ac.uk\/\" target=\"_blank\">Uniwersytet Cranfield w Wiekiej Brytanii<\/a>, maj\u0105 mo\u017cliwo\u015b\u0107 odbycia pe\u0142nych studi\u00f3w II stopnia na tej uczelni i uzyskania na niej dyplomu Master of Science.<\/p>\n<p align=\"justify\">Nale\u017cy w tym celu zaliczy\u0107 1. semestr studi\u00f3w II stopnia na WIMiR. Pod koniec tego semestru prowadzona jest rekrutacja na studia w Cranfield. Wymagana jest dobra \u015brednia ocen ze studi\u00f3w I stopnia, oraz znajomo\u015b\u0107 j\u0119z. angielskiego na poziomie B2+. Znajomo\u015b\u0107 t\u0119 dokumentuje si\u0119 podczas rekrutacji dobr\u0105 ocen\u0105 z lektoratu oraz rozmow\u0105 przeprowadzan\u0105 na AGH przez przedstawiciela Uniwersytetu Cranfield. <\/p>\n<p align=\"justify\">Na studia wyje\u017cd\u017ca si\u0119 z ko\u0144cem wrze\u015bnia roku akademickiego, w kt\u00f3rym student zaliczy\u0142 1. stopie\u0144 studi\u00f3w na WIMiR. Studia trwaj\u0105 przez ca\u0142y rok, w\u0142\u0105cznie z wakacjami. Po powrocie we wrze\u015bniu nast\u0119pnego roku student zalicza 2. i 3. semestr studi\u00f3w II stopnia na AGH na podstawie ocen uzyskanych w Cranfield. <\/p>\n<p align=\"justify\">Studia w Cranfield s\u0105 dla student\u00f3w WIMiR bezp\u0142atne. W ramach programu Erasmus+ student otrzymuje dofinansowanie, w za\u0142o\u017ceniu pozwalaj\u0105ce pokry\u0107 r\u00f3\u017cnic\u0119 koszt\u00f3w utrzymania pomi\u0119dzy Polsk\u0105 a Wielk\u0105 Brytani\u0105. <\/p>\n<p align=\"justify\">W rankingu wk\u0142adu w badania i rozw\u00f3j technologiczny Uniwersytet Cranfield lokuje si\u0119 na 3. miejscu w Wielkiej Brytanii. Naszym studentom proponuje kierunek \u201eComputational and Software Techniques in Engineering\u201d z ukierunkowaniem na diagnostyk\u0119 wibroakustyczn\u0105 lub przetwarzanie sygna\u0142\u00f3w i obrazu. Podczas realizacji pracy dyplomowej studenci cz\u0119sto uczestnicz\u0105 w projektach badawczych dla przemys\u0142u, w tym dla tak znanych firm, jak Boeing, Shell, Rolls-Royce i Caterpillar. Cranfield znajduje si\u0119 w Bedfordshire, ok. 35 km od lotniska Luton i ok. 80 km od Londynu. <\/p>\n<p align=\"justify\">Opiekunem umowy z Cranfield University jest dr hab. in\u017c. Piotr Kleczkowski, prof. nadzw. AGH, kleczkow@agh.edu.pl. W nag\u0142\u00f3wku ew. korespondencji nale\u017cy koniecznie poda\u0107 s\u0142owo \u201eCranfield\u201d. W b.r. terminem sk\u0142adania ankiet jest 7. maja.<\/p>\n","protected":false},"excerpt":{"rendered":"<p>Absolwenci studi\u00f3w I stopnia In\u017cynierii Akustycznej (wraz z innymi absolwentami Wydzia\u0142u In\u017cynierii Mechanicznej i Robotyki) dzi\u0119ki umowie zawartej przez AGH i Uniwersytet Cranfield w Wiekiej Brytanii, maj\u0105 mo\u017cliwo\u015b\u0107 odbycia pe\u0142nych studi\u00f3w II stopnia na tej uczelni i uzyskania na niej dyplomu Master of Science. Nale\u017cy w tym celu zaliczy\u0107 1. semestr studi\u00f3w II stopnia na [&hellip;]<\/p>\n","protected":false},"author":1,"featured_media":0,"parent":9,"menu_order":0,"comment_status":"closed","ping_status":"open","template":"","meta":{"footnotes":""},"class_list":["post-40","page","type-page","status-publish","hentry"],"_links":{"self":[{"href":"https:\/\/msia.agh.edu.pl\/index.php?rest_route=\/wp\/v2\/pages\/40","targetHints":{"allow":["GET"]}}],"collection":[{"href":"https:\/\/msia.agh.edu.pl\/index.php?rest_route=\/wp\/v2\/pages"}],"about":[{"href":"https:\/\/msia.agh.edu.pl\/index.php?rest_route=\/wp\/v2\/types\/page"}],"author":[{"embeddable":true,"href":"https:\/\/msia.agh.edu.pl\/index.php?rest_route=\/wp\/v2\/users\/1"}],"replies":[{"embeddable":true,"href":"https:\/\/msia.agh.edu.pl\/index.php?rest_route=%2Fwp%2Fv2%2Fcomments&post=40"}],"version-history":[{"count":6,"href":"https:\/\/msia.agh.edu.pl\/index.php?rest_route=\/wp\/v2\/pages\/40\/revisions"}],"predecessor-version":[{"id":246,"href":"https:\/\/msia.agh.edu.pl\/index.php?rest_route=\/wp\/v2\/pages\/40\/revisions\/246"}],"up":[{"embeddable":true,"href":"https:\/\/msia.agh.edu.pl\/index.php?rest_route=\/wp\/v2\/pages\/9"}],"wp:attachment":[{"href":"https:\/\/msia.agh.edu.pl\/index.php?rest_route=%2Fwp%2Fv2%2Fmedia&parent=40"}],"curies":[{"name":"wp","href":"https:\/\/api.w.org\/{rel}","templated":true}]}}