{"id":421,"date":"2017-12-17T18:06:57","date_gmt":"2017-12-17T17:06:57","guid":{"rendered":"http:\/\/msia.agh.edu.pl\/?page_id=421"},"modified":"2017-12-17T18:07:06","modified_gmt":"2017-12-17T17:07:06","slug":"kn-labacoustics","status":"publish","type":"page","link":"https:\/\/msia.agh.edu.pl\/?page_id=421","title":{"rendered":"KN LabAcoustics"},"content":{"rendered":"<p>Lubisz programowa\u0107? A mo\u017ce bawisz si\u0119 arduino, czy raspberry pi? Chcesz przy okazji zg\u0142\u0119bi\u0107 temat diagnostyki pomiarowej i dowiedzie\u0107 si\u0119\u00a0 czego\u015b wi\u0119cej o procesach drganiowych i akustycznych? A mo\u017ce podszkoli\u0107 si\u0119 w zakresie programowania w \u015brodowisku LabVIEW? Serdecznie zapraszamy do Studenckiego Ko\u0142a Naukowego Informatyki w Wibroakustyce.<\/p>\n<p><a href=\"http:\/\/msia.agh.edu.pl\/wp-content\/uploads\/labacoustics.png\"><img loading=\"lazy\" decoding=\"async\" class=\"wp-image-408 aligncenter\" src=\"http:\/\/msia.agh.edu.pl\/wp-content\/uploads\/labacoustics.png\" alt=\"\" width=\"334\" height=\"137\" \/><\/a><\/p>\n<p>Jeste\u015bmy ko\u0142em naukowym stawiaj\u0105cym nasze pierwsze ma\u0142e kroczki ku wielkim sukcesom. Ko\u0142o funkcjonuje od pocz\u0105tku 2017 roku. Podczas tego kr\u00f3tkiego czasu uda\u0142o si\u0119 zorganizowa\u0107 spotkania prowadzone zar\u00f3wno przez opiekuna ko\u0142a jak i nas \u2013 student\u00f3w, na kt\u00f3rych przekazujemy swoj\u0105 wiedz\u0119, prowadzimy dyskusj\u0119 i omawiamy swoje projekty zaprezentowane m.in. na Studenckiej Konferencji K\u00f3\u0142 Naukowych, Dniu Otwartym, czy Festiwalu Nauki i Sztuki w Krakowie. Serdecznie zapraszamy do naszej grupy na facebooku, by by\u0107 na bie\u017c\u0105co z terminami spotka\u0144 J<\/p>\n<p>Je\u015bli jeste\u015b zainteresowany\/na do\u0142\u0105czeniem w nasze szeregi, zapraszamy!<\/p>\n<p>Kontakt:<br \/>\n<a href=\"https:\/\/www.facebook.com\/groups\/LabAcoustics\/\">https:\/\/www.facebook.com\/groups\/LabAcoustics\/<\/a><br \/>\nlabacoustics@gmail.com<br \/>\npaw. D-1, Laboratorium 01<\/p>\n<p>Opiekun \u2013 dr in\u017c. Pawe\u0142 Pawlik, pawlik@agh.edu.pl<br \/>\nPrzewodnicz\u0105cy \u2013 Anna Warowny, an.warowny@gmail.com<br \/>\nZast\u0119pca \u2013 Krzysztof Mikulec, mikuleckrzysztof@gmail.com<\/p>\n<p>&nbsp;<\/p>\n","protected":false},"excerpt":{"rendered":"<p>Lubisz programowa\u0107? A mo\u017ce bawisz si\u0119 arduino, czy raspberry pi? Chcesz przy okazji zg\u0142\u0119bi\u0107 temat diagnostyki pomiarowej i dowiedzie\u0107 si\u0119\u00a0 czego\u015b wi\u0119cej o procesach drganiowych i akustycznych? A mo\u017ce podszkoli\u0107 si\u0119 w zakresie programowania w \u015brodowisku LabVIEW? Serdecznie zapraszamy do Studenckiego Ko\u0142a Naukowego Informatyki w Wibroakustyce. Jeste\u015bmy ko\u0142em naukowym stawiaj\u0105cym nasze pierwsze ma\u0142e kroczki ku [&hellip;]<\/p>\n","protected":false},"author":3,"featured_media":0,"parent":144,"menu_order":0,"comment_status":"closed","ping_status":"closed","template":"","meta":{"footnotes":""},"class_list":["post-421","page","type-page","status-publish","hentry"],"_links":{"self":[{"href":"https:\/\/msia.agh.edu.pl\/index.php?rest_route=\/wp\/v2\/pages\/421","targetHints":{"allow":["GET"]}}],"collection":[{"href":"https:\/\/msia.agh.edu.pl\/index.php?rest_route=\/wp\/v2\/pages"}],"about":[{"href":"https:\/\/msia.agh.edu.pl\/index.php?rest_route=\/wp\/v2\/types\/page"}],"author":[{"embeddable":true,"href":"https:\/\/msia.agh.edu.pl\/index.php?rest_route=\/wp\/v2\/users\/3"}],"replies":[{"embeddable":true,"href":"https:\/\/msia.agh.edu.pl\/index.php?rest_route=%2Fwp%2Fv2%2Fcomments&post=421"}],"version-history":[{"count":1,"href":"https:\/\/msia.agh.edu.pl\/index.php?rest_route=\/wp\/v2\/pages\/421\/revisions"}],"predecessor-version":[{"id":422,"href":"https:\/\/msia.agh.edu.pl\/index.php?rest_route=\/wp\/v2\/pages\/421\/revisions\/422"}],"up":[{"embeddable":true,"href":"https:\/\/msia.agh.edu.pl\/index.php?rest_route=\/wp\/v2\/pages\/144"}],"wp:attachment":[{"href":"https:\/\/msia.agh.edu.pl\/index.php?rest_route=%2Fwp%2Fv2%2Fmedia&parent=421"}],"curies":[{"name":"wp","href":"https:\/\/api.w.org\/{rel}","templated":true}]}}