{"id":478,"date":"2018-11-04T03:29:20","date_gmt":"2018-11-04T02:29:20","guid":{"rendered":"http:\/\/msia.agh.edu.pl\/?page_id=478"},"modified":"2018-11-04T03:30:45","modified_gmt":"2018-11-04T02:30:45","slug":"konferencja-oska","status":"publish","type":"page","link":"https:\/\/msia.agh.edu.pl\/?page_id=478","title":{"rendered":"Konferencja OSKA"},"content":{"rendered":"<p>OSKA, czyli Og\u00f3lnopolska Studencka Konferencja Akustyk\u00f3w, to wydarzenie organizowane co rocznie na terenie Polski przez Ko\u0142a Naukowe zajmuj\u0105ce si\u0119 akustyk\u0105 i in\u017cynieri\u0105 d\u017awi\u0119ku, mi\u0119dzy innymi Ko\u0142o Naukowe Akustyki Architektonicznej AGH. Cz\u0142onkami Komitetu Organizacyjnego s\u0105 tylko studenci, r\u00f3wnie\u017c referaty na konferencji wyg\u0142aszaj\u0105 tylko studenci i doktoranci.\u00a0 Zapraszamy na stron\u0119 konferencji, gdzie znajduj\u0105 si\u0119 wszystkie informacje o nadchodz\u0105cej edycji konferencji:\u00a0<a href=\"http:\/\/www.oska.edu.pl\">http:\/\/www.oska.edu.pl<\/a><\/p>\n<p>&nbsp;<\/p>\n<p><a href=\"http:\/\/www.oska.edu.pl\"><img loading=\"lazy\" decoding=\"async\" class=\"aligncenter wp-image-479\" src=\"http:\/\/msia.agh.edu.pl\/wp-content\/uploads\/OSKA_01.png\" alt=\"\" width=\"567\" height=\"239\" srcset=\"https:\/\/msia.agh.edu.pl\/wp-content\/uploads\/OSKA_01.png 1090w, https:\/\/msia.agh.edu.pl\/wp-content\/uploads\/OSKA_01-300x126.png 300w, https:\/\/msia.agh.edu.pl\/wp-content\/uploads\/OSKA_01-768x323.png 768w, https:\/\/msia.agh.edu.pl\/wp-content\/uploads\/OSKA_01-1024x431.png 1024w\" sizes=\"auto, (max-width: 567px) 100vw, 567px\" \/><\/a><\/p>\n","protected":false},"excerpt":{"rendered":"<p>OSKA, czyli Og\u00f3lnopolska Studencka Konferencja Akustyk\u00f3w, to wydarzenie organizowane co rocznie na terenie Polski przez Ko\u0142a Naukowe zajmuj\u0105ce si\u0119 akustyk\u0105 i in\u017cynieri\u0105 d\u017awi\u0119ku, mi\u0119dzy innymi Ko\u0142o Naukowe Akustyki Architektonicznej AGH. Cz\u0142onkami Komitetu Organizacyjnego s\u0105 tylko studenci, r\u00f3wnie\u017c referaty na konferencji wyg\u0142aszaj\u0105 tylko studenci i doktoranci.\u00a0 Zapraszamy na stron\u0119 konferencji, gdzie znajduj\u0105 si\u0119 wszystkie informacje o [&hellip;]<\/p>\n","protected":false},"author":3,"featured_media":0,"parent":0,"menu_order":0,"comment_status":"closed","ping_status":"closed","template":"","meta":{"footnotes":""},"class_list":["post-478","page","type-page","status-publish","hentry"],"_links":{"self":[{"href":"https:\/\/msia.agh.edu.pl\/index.php?rest_route=\/wp\/v2\/pages\/478","targetHints":{"allow":["GET"]}}],"collection":[{"href":"https:\/\/msia.agh.edu.pl\/index.php?rest_route=\/wp\/v2\/pages"}],"about":[{"href":"https:\/\/msia.agh.edu.pl\/index.php?rest_route=\/wp\/v2\/types\/page"}],"author":[{"embeddable":true,"href":"https:\/\/msia.agh.edu.pl\/index.php?rest_route=\/wp\/v2\/users\/3"}],"replies":[{"embeddable":true,"href":"https:\/\/msia.agh.edu.pl\/index.php?rest_route=%2Fwp%2Fv2%2Fcomments&post=478"}],"version-history":[{"count":2,"href":"https:\/\/msia.agh.edu.pl\/index.php?rest_route=\/wp\/v2\/pages\/478\/revisions"}],"predecessor-version":[{"id":482,"href":"https:\/\/msia.agh.edu.pl\/index.php?rest_route=\/wp\/v2\/pages\/478\/revisions\/482"}],"wp:attachment":[{"href":"https:\/\/msia.agh.edu.pl\/index.php?rest_route=%2Fwp%2Fv2%2Fmedia&parent=478"}],"curies":[{"name":"wp","href":"https:\/\/api.w.org\/{rel}","templated":true}]}}