{"id":70,"date":"2014-04-26T16:30:29","date_gmt":"2014-04-26T14:30:29","guid":{"rendered":"http:\/\/home.agh.edu.pl\/~tdziedzi\/test_IA\/?page_id=70"},"modified":"2014-05-15T11:28:13","modified_gmt":"2014-05-15T09:28:13","slug":"studio-nagran-d1","status":"publish","type":"page","link":"https:\/\/msia.agh.edu.pl\/?page_id=70","title":{"rendered":"Studio Nagra\u0144 D1"},"content":{"rendered":"<p align=\"justify\">W studio znajduj\u0105 si\u0119 trzy pomieszczenia, ka\u017cde przystosowane do pe\u0142nienia podw\u00f3jnej roli &#8211; pomieszczenia nagraniowego oraz re\u017cyserki. Najcz\u0119\u015bciej jednak najwi\u0119ksze pomieszczenie pe\u0142ni rol\u0119 g\u0142\u00f3wnej re\u017cyserki, \u015brednie pomieszczenia nagraniowego a najmniejsze tzw. 'ma\u0142ej re\u017cyserki&#8217;.<\/p>\n<p align=\"justify\">Studio dysponuje sprz\u0119tem wielu renomowanych firm:<\/p>\n<p>przedwzmacniacze: Focusrite ISA, Focusrite Platinum, Maselec Prism, RME, Drawmer, Art i inne<br \/>\nmikrofony: Shoeps, Beyerdynamic, Rode, Shure, Studio Projects i inne<br \/>\nods\u0142uch: monitory Yamaha, Genelec oraz Dynaaudio; s\u0142uchawki Beyerdynamic, Sennheiser oraz AKG<br \/>\nkonsolety: cyfrowa Yamaha (DM2000V2) oraz analogowy Soundcraft<\/p>\n<p align=\"justify\">Studio oparte jest na systemie Audinate Dante, oraz oprogramowaniu Pro Tools 11 i Samplitude PRO X<\/p>\n<div id='gallery-1' class='gallery galleryid-70 gallery-columns-2 gallery-size-thumbnail'><figure class='gallery-item'>\n\t\t\t<div class='gallery-icon landscape'>\n\t\t\t\t<a href='https:\/\/msia.agh.edu.pl\/wp-content\/uploads\/006.jpg'><img loading=\"lazy\" decoding=\"async\" width=\"150\" height=\"150\" src=\"https:\/\/msia.agh.edu.pl\/wp-content\/uploads\/006-150x150.jpg\" class=\"attachment-thumbnail size-thumbnail\" alt=\"\" aria-describedby=\"gallery-1-71\" \/><\/a>\n\t\t\t<\/div>\n\t\t\t\t<figcaption class='wp-caption-text gallery-caption' id='gallery-1-71'>\n\t\t\t\tDu\u017ca re\u017cyserka\n\t\t\t\t<\/figcaption><\/figure><figure class='gallery-item'>\n\t\t\t<div class='gallery-icon portrait'>\n\t\t\t\t<a href='https:\/\/msia.agh.edu.pl\/wp-content\/uploads\/002.jpg'><img loading=\"lazy\" decoding=\"async\" width=\"150\" height=\"150\" src=\"https:\/\/msia.agh.edu.pl\/wp-content\/uploads\/002-150x150.jpg\" class=\"attachment-thumbnail size-thumbnail\" alt=\"\" aria-describedby=\"gallery-1-77\" \/><\/a>\n\t\t\t<\/div>\n\t\t\t\t<figcaption class='wp-caption-text gallery-caption' id='gallery-1-77'>\n\t\t\t\tStanowisko laboratoryjne\n\t\t\t\t<\/figcaption><\/figure><figure class='gallery-item'>\n\t\t\t<div class='gallery-icon landscape'>\n\t\t\t\t<a href='https:\/\/msia.agh.edu.pl\/wp-content\/uploads\/010.jpg'><img loading=\"lazy\" decoding=\"async\" width=\"150\" height=\"150\" src=\"https:\/\/msia.agh.edu.pl\/wp-content\/uploads\/010-150x150.jpg\" class=\"attachment-thumbnail size-thumbnail\" alt=\"\" aria-describedby=\"gallery-1-75\" \/><\/a>\n\t\t\t<\/div>\n\t\t\t\t<figcaption class='wp-caption-text gallery-caption' id='gallery-1-75'>\n\t\t\t\tPomieszczenie nagraniowe\n\t\t\t\t<\/figcaption><\/figure><figure class='gallery-item'>\n\t\t\t<div class='gallery-icon landscape'>\n\t\t\t\t<a href='https:\/\/msia.agh.edu.pl\/wp-content\/uploads\/007.jpg'><img loading=\"lazy\" decoding=\"async\" width=\"150\" height=\"150\" src=\"https:\/\/msia.agh.edu.pl\/wp-content\/uploads\/007-150x150.jpg\" class=\"attachment-thumbnail size-thumbnail\" alt=\"\" aria-describedby=\"gallery-1-72\" \/><\/a>\n\t\t\t<\/div>\n\t\t\t\t<figcaption class='wp-caption-text gallery-caption' id='gallery-1-72'>\n\t\t\t\tMa\u0142a re\u017cyserka\n\t\t\t\t<\/figcaption><\/figure><figure class='gallery-item'>\n\t\t\t<div class='gallery-icon landscape'>\n\t\t\t\t<a href='https:\/\/msia.agh.edu.pl\/wp-content\/uploads\/001.jpg'><img loading=\"lazy\" decoding=\"async\" width=\"150\" height=\"150\" src=\"https:\/\/msia.agh.edu.pl\/wp-content\/uploads\/001-150x150.jpg\" class=\"attachment-thumbnail size-thumbnail\" alt=\"\" aria-describedby=\"gallery-1-76\" \/><\/a>\n\t\t\t<\/div>\n\t\t\t\t<figcaption class='wp-caption-text gallery-caption' id='gallery-1-76'>\n\t\t\t\tDu\u017ca re\u017cyserka\n\t\t\t\t<\/figcaption><\/figure><figure class='gallery-item'>\n\t\t\t<div class='gallery-icon landscape'>\n\t\t\t\t<a href='https:\/\/msia.agh.edu.pl\/wp-content\/uploads\/009.jpg'><img loading=\"lazy\" decoding=\"async\" width=\"150\" height=\"150\" src=\"https:\/\/msia.agh.edu.pl\/wp-content\/uploads\/009-150x150.jpg\" class=\"attachment-thumbnail size-thumbnail\" alt=\"\" aria-describedby=\"gallery-1-74\" \/><\/a>\n\t\t\t<\/div>\n\t\t\t\t<figcaption class='wp-caption-text gallery-caption' id='gallery-1-74'>\n\t\t\t\tMa\u0142a re\u017cyserka\n\t\t\t\t<\/figcaption><\/figure>\n\t\t<\/div>\n\n<p>autor zdje\u0107: Bartosz Dittmar<\/p>\n","protected":false},"excerpt":{"rendered":"<p>W studio znajduj\u0105 si\u0119 trzy pomieszczenia, ka\u017cde przystosowane do pe\u0142nienia podw\u00f3jnej roli &#8211; pomieszczenia nagraniowego oraz re\u017cyserki. Najcz\u0119\u015bciej jednak najwi\u0119ksze pomieszczenie pe\u0142ni rol\u0119 g\u0142\u00f3wnej re\u017cyserki, \u015brednie pomieszczenia nagraniowego a najmniejsze tzw. 'ma\u0142ej re\u017cyserki&#8217;. Studio dysponuje sprz\u0119tem wielu renomowanych firm: przedwzmacniacze: Focusrite ISA, Focusrite Platinum, Maselec Prism, RME, Drawmer, Art i inne mikrofony: Shoeps, Beyerdynamic, Rode, [&hellip;]<\/p>\n","protected":false},"author":1,"featured_media":0,"parent":7,"menu_order":0,"comment_status":"closed","ping_status":"closed","template":"","meta":{"footnotes":""},"class_list":["post-70","page","type-page","status-publish","hentry"],"_links":{"self":[{"href":"https:\/\/msia.agh.edu.pl\/index.php?rest_route=\/wp\/v2\/pages\/70","targetHints":{"allow":["GET"]}}],"collection":[{"href":"https:\/\/msia.agh.edu.pl\/index.php?rest_route=\/wp\/v2\/pages"}],"about":[{"href":"https:\/\/msia.agh.edu.pl\/index.php?rest_route=\/wp\/v2\/types\/page"}],"author":[{"embeddable":true,"href":"https:\/\/msia.agh.edu.pl\/index.php?rest_route=\/wp\/v2\/users\/1"}],"replies":[{"embeddable":true,"href":"https:\/\/msia.agh.edu.pl\/index.php?rest_route=%2Fwp%2Fv2%2Fcomments&post=70"}],"version-history":[{"count":13,"href":"https:\/\/msia.agh.edu.pl\/index.php?rest_route=\/wp\/v2\/pages\/70\/revisions"}],"predecessor-version":[{"id":270,"href":"https:\/\/msia.agh.edu.pl\/index.php?rest_route=\/wp\/v2\/pages\/70\/revisions\/270"}],"up":[{"embeddable":true,"href":"https:\/\/msia.agh.edu.pl\/index.php?rest_route=\/wp\/v2\/pages\/7"}],"wp:attachment":[{"href":"https:\/\/msia.agh.edu.pl\/index.php?rest_route=%2Fwp%2Fv2%2Fmedia&parent=70"}],"curies":[{"name":"wp","href":"https:\/\/api.w.org\/{rel}","templated":true}]}}