{"id":9,"date":"2014-04-26T15:46:02","date_gmt":"2014-04-26T13:46:02","guid":{"rendered":"http:\/\/home.agh.edu.pl\/~tdziedzi\/test_IA\/?page_id=9"},"modified":"2014-05-15T12:19:00","modified_gmt":"2014-05-15T10:19:00","slug":"dla-studentow","status":"publish","type":"page","link":"https:\/\/msia.agh.edu.pl\/?page_id=9","title":{"rendered":"Dla Student\u00f3w"},"content":{"rendered":"<p align=\"justify\">W tym dziale znajduj\u0105 si\u0119 przydatne informacje dla aktualnych i przysz\u0142ych student\u00f3w In\u017cynierii Akustycznej.<\/p>\n<p><a href=\"http:\/\/msia.agh.edu.pl\/?page_id=144\" title=\"Ko\u0142a naukowe\" target=\"_blank\">Ko\u0142a Naukowe<\/a><br \/>\n<a href=\"http:\/\/msia.agh.edu.pl\/?page_id=40\" title=\"ERASMUS\" target=\"_blank\">ERASMUS<\/a><br \/>\n<a href=\"http:\/\/msia.agh.edu.pl\/?page_id=38\" title=\"Tematy prac dyplomowych\" target=\"_blank\">Tematy prac dyplomowych<\/a><\/p>\n","protected":false},"excerpt":{"rendered":"<p>W tym dziale znajduj\u0105 si\u0119 przydatne informacje dla aktualnych i przysz\u0142ych student\u00f3w In\u017cynierii Akustycznej. Ko\u0142a Naukowe ERASMUS Tematy prac dyplomowych<\/p>\n","protected":false},"author":1,"featured_media":0,"parent":0,"menu_order":0,"comment_status":"closed","ping_status":"open","template":"","meta":{"footnotes":""},"class_list":["post-9","page","type-page","status-publish","hentry"],"_links":{"self":[{"href":"https:\/\/msia.agh.edu.pl\/index.php?rest_route=\/wp\/v2\/pages\/9","targetHints":{"allow":["GET"]}}],"collection":[{"href":"https:\/\/msia.agh.edu.pl\/index.php?rest_route=\/wp\/v2\/pages"}],"about":[{"href":"https:\/\/msia.agh.edu.pl\/index.php?rest_route=\/wp\/v2\/types\/page"}],"author":[{"embeddable":true,"href":"https:\/\/msia.agh.edu.pl\/index.php?rest_route=\/wp\/v2\/users\/1"}],"replies":[{"embeddable":true,"href":"https:\/\/msia.agh.edu.pl\/index.php?rest_route=%2Fwp%2Fv2%2Fcomments&post=9"}],"version-history":[{"count":7,"href":"https:\/\/msia.agh.edu.pl\/index.php?rest_route=\/wp\/v2\/pages\/9\/revisions"}],"predecessor-version":[{"id":287,"href":"https:\/\/msia.agh.edu.pl\/index.php?rest_route=\/wp\/v2\/pages\/9\/revisions\/287"}],"wp:attachment":[{"href":"https:\/\/msia.agh.edu.pl\/index.php?rest_route=%2Fwp%2Fv2%2Fmedia&parent=9"}],"curies":[{"name":"wp","href":"https:\/\/api.w.org\/{rel}","templated":true}]}}